{"id":15,"date":"2024-10-23T10:07:15","date_gmt":"2024-10-23T08:07:15","guid":{"rendered":"https:\/\/ficsons.net\/es\/?page_id=15"},"modified":"2024-10-23T12:19:15","modified_gmt":"2024-10-23T10:19:15","slug":"quienes-somos","status":"publish","type":"page","link":"https:\/\/ficsons.net\/es\/quienes-somos\/","title":{"rendered":"\u00bfQui\u00e9nes somos?"},"content":{"rendered":"\n<p>FICSONS es un colectivo de personas interesadas en la creaci\u00f3n de piezas sonoras de ficci\u00f3n basadas en obras de teatro o en guiones propios.<\/p>\n\n\n\n<!--more-->\n\n\n\n<p>Dos de los fundadores, Marta Estrada y David Ciscar empezamos gravando un guion original de la misma Marta Estrada durante el confinamiento por COVID, con la colaboraci\u00f3n de otras personas: Madre no hay m\u00e1s que una.<\/p>\n\n\n\n<p>M\u00e1s adelante, tambi\u00e9n con Xavier Ciscar, iniciamos nuestras participaciones en el concurso de teatro le\u00eddo \u00abLas manos a escena\u00bb de la ONCE con un texto de Yasmina Reza: Arte.<\/p>\n\n\n\n<p>La experiencia en los diversos proyectos realizados nos ha llevado a querer crecer con la producci\u00f3n de m\u00e1s contenidos en forma de ficci\u00f3n sonora, que deseamos que disfrutes escuchando.<\/p>\n","protected":false},"excerpt":{"rendered":"<p>FICSONS es un colectivo de personas interesadas en la creaci\u00f3n de piezas sonoras de ficci\u00f3n basadas en obras de teatro o en guiones propios.<\/p>\n","protected":false},"author":1,"featured_media":0,"parent":0,"menu_order":10,"comment_status":"closed","ping_status":"closed","template":"","meta":{"footnotes":""},"class_list":["post-15","page","type-page","status-publish","hentry"],"yoast_head":"<!-- This site is optimized with the Yoast SEO plugin v26.5 - https:\/\/yoast.com\/wordpress\/plugins\/seo\/ -->\n<title>\u00bfQui\u00e9nes somos? - FICSONS (es)<\/title>\n<meta name=\"robots\" content=\"index, follow, max-snippet:-1, max-image-preview:large, max-video-preview:-1\" \/>\n<link rel=\"canonical\" href=\"https:\/\/ficsons.net\/es\/quienes-somos\/\" \/>\n<meta property=\"og:locale\" content=\"es_ES\" \/>\n<meta property=\"og:type\" content=\"article\" \/>\n<meta property=\"og:title\" content=\"\u00bfQui\u00e9nes somos? - FICSONS (es)\" \/>\n<meta property=\"og:description\" content=\"FICSONS es un colectivo de personas interesadas en la creaci\u00f3n de piezas sonoras de ficci\u00f3n basadas en obras de teatro o en guiones propios.\" \/>\n<meta property=\"og:url\" content=\"https:\/\/ficsons.net\/es\/quienes-somos\/\" \/>\n<meta property=\"og:site_name\" content=\"FICSONS (es)\" \/>\n<meta property=\"article:modified_time\" content=\"2024-10-23T10:19:15+00:00\" \/>\n<meta name=\"twitter:card\" content=\"summary_large_image\" \/>\n<meta name=\"twitter:label1\" content=\"Tiempo de lectura\" \/>\n\t<meta name=\"twitter:data1\" content=\"1 minuto\" \/>\n<script type=\"application\/ld+json\" class=\"yoast-schema-graph\">{\"@context\":\"https:\/\/schema.org\",\"@graph\":[{\"@type\":\"WebPage\",\"@id\":\"https:\/\/ficsons.net\/es\/quienes-somos\/\",\"url\":\"https:\/\/ficsons.net\/es\/quienes-somos\/\",\"name\":\"\u00bfQui\u00e9nes somos? - FICSONS (es)\",\"isPartOf\":{\"@id\":\"https:\/\/ficsons.net\/es\/#website\"},\"datePublished\":\"2024-10-23T08:07:15+00:00\",\"dateModified\":\"2024-10-23T10:19:15+00:00\",\"breadcrumb\":{\"@id\":\"https:\/\/ficsons.net\/es\/quienes-somos\/#breadcrumb\"},\"inLanguage\":\"es\",\"potentialAction\":[{\"@type\":\"ReadAction\",\"target\":[\"https:\/\/ficsons.net\/es\/quienes-somos\/\"]}]},{\"@type\":\"BreadcrumbList\",\"@id\":\"https:\/\/ficsons.net\/es\/quienes-somos\/#breadcrumb\",\"itemListElement\":[{\"@type\":\"ListItem\",\"position\":1,\"name\":\"Portada\",\"item\":\"https:\/\/ficsons.net\/es\/\"},{\"@type\":\"ListItem\",\"position\":2,\"name\":\"\u00bfQui\u00e9nes somos?\"}]},{\"@type\":\"WebSite\",\"@id\":\"https:\/\/ficsons.net\/es\/#website\",\"url\":\"https:\/\/ficsons.net\/es\/\",\"name\":\"FICSONS (es)\",\"description\":\"Ficciones sonoras\",\"publisher\":{\"@id\":\"https:\/\/ficsons.net\/es\/#organization\"},\"potentialAction\":[{\"@type\":\"SearchAction\",\"target\":{\"@type\":\"EntryPoint\",\"urlTemplate\":\"https:\/\/ficsons.net\/es\/?s={search_term_string}\"},\"query-input\":{\"@type\":\"PropertyValueSpecification\",\"valueRequired\":true,\"valueName\":\"search_term_string\"}}],\"inLanguage\":\"es\"},{\"@type\":\"Organization\",\"@id\":\"https:\/\/ficsons.net\/es\/#organization\",\"name\":\"FICSONS (es)\",\"url\":\"https:\/\/ficsons.net\/es\/\",\"logo\":{\"@type\":\"ImageObject\",\"inLanguage\":\"es\",\"@id\":\"https:\/\/ficsons.net\/es\/#\/schema\/logo\/image\/\",\"url\":\"https:\/\/ficsons.net\/es\/wp-content\/uploads\/sites\/3\/2024\/10\/FICSONS-logo4.png\",\"contentUrl\":\"https:\/\/ficsons.net\/es\/wp-content\/uploads\/sites\/3\/2024\/10\/FICSONS-logo4.png\",\"width\":1000,\"height\":1000,\"caption\":\"FICSONS (es)\"},\"image\":{\"@id\":\"https:\/\/ficsons.net\/es\/#\/schema\/logo\/image\/\"}}]}<\/script>\n<!-- \/ Yoast SEO plugin. -->","yoast_head_json":{"title":"\u00bfQui\u00e9nes somos? - FICSONS (es)","robots":{"index":"index","follow":"follow","max-snippet":"max-snippet:-1","max-image-preview":"max-image-preview:large","max-video-preview":"max-video-preview:-1"},"canonical":"https:\/\/ficsons.net\/es\/quienes-somos\/","og_locale":"es_ES","og_type":"article","og_title":"\u00bfQui\u00e9nes somos? - FICSONS (es)","og_description":"FICSONS es un colectivo de personas interesadas en la creaci\u00f3n de piezas sonoras de ficci\u00f3n basadas en obras de teatro o en guiones propios.","og_url":"https:\/\/ficsons.net\/es\/quienes-somos\/","og_site_name":"FICSONS (es)","article_modified_time":"2024-10-23T10:19:15+00:00","twitter_card":"summary_large_image","twitter_misc":{"Tiempo de lectura":"1 minuto"},"schema":{"@context":"https:\/\/schema.org","@graph":[{"@type":"WebPage","@id":"https:\/\/ficsons.net\/es\/quienes-somos\/","url":"https:\/\/ficsons.net\/es\/quienes-somos\/","name":"\u00bfQui\u00e9nes somos? - FICSONS (es)","isPartOf":{"@id":"https:\/\/ficsons.net\/es\/#website"},"datePublished":"2024-10-23T08:07:15+00:00","dateModified":"2024-10-23T10:19:15+00:00","breadcrumb":{"@id":"https:\/\/ficsons.net\/es\/quienes-somos\/#breadcrumb"},"inLanguage":"es","potentialAction":[{"@type":"ReadAction","target":["https:\/\/ficsons.net\/es\/quienes-somos\/"]}]},{"@type":"BreadcrumbList","@id":"https:\/\/ficsons.net\/es\/quienes-somos\/#breadcrumb","itemListElement":[{"@type":"ListItem","position":1,"name":"Portada","item":"https:\/\/ficsons.net\/es\/"},{"@type":"ListItem","position":2,"name":"\u00bfQui\u00e9nes somos?"}]},{"@type":"WebSite","@id":"https:\/\/ficsons.net\/es\/#website","url":"https:\/\/ficsons.net\/es\/","name":"FICSONS (es)","description":"Ficciones sonoras","publisher":{"@id":"https:\/\/ficsons.net\/es\/#organization"},"potentialAction":[{"@type":"SearchAction","target":{"@type":"EntryPoint","urlTemplate":"https:\/\/ficsons.net\/es\/?s={search_term_string}"},"query-input":{"@type":"PropertyValueSpecification","valueRequired":true,"valueName":"search_term_string"}}],"inLanguage":"es"},{"@type":"Organization","@id":"https:\/\/ficsons.net\/es\/#organization","name":"FICSONS (es)","url":"https:\/\/ficsons.net\/es\/","logo":{"@type":"ImageObject","inLanguage":"es","@id":"https:\/\/ficsons.net\/es\/#\/schema\/logo\/image\/","url":"https:\/\/ficsons.net\/es\/wp-content\/uploads\/sites\/3\/2024\/10\/FICSONS-logo4.png","contentUrl":"https:\/\/ficsons.net\/es\/wp-content\/uploads\/sites\/3\/2024\/10\/FICSONS-logo4.png","width":1000,"height":1000,"caption":"FICSONS (es)"},"image":{"@id":"https:\/\/ficsons.net\/es\/#\/schema\/logo\/image\/"}}]}},"_links":{"self":[{"href":"https:\/\/ficsons.net\/es\/wp-json\/wp\/v2\/pages\/15","targetHints":{"allow":["GET"]}}],"collection":[{"href":"https:\/\/ficsons.net\/es\/wp-json\/wp\/v2\/pages"}],"about":[{"href":"https:\/\/ficsons.net\/es\/wp-json\/wp\/v2\/types\/page"}],"author":[{"embeddable":true,"href":"https:\/\/ficsons.net\/es\/wp-json\/wp\/v2\/users\/1"}],"replies":[{"embeddable":true,"href":"https:\/\/ficsons.net\/es\/wp-json\/wp\/v2\/comments?post=15"}],"version-history":[{"count":3,"href":"https:\/\/ficsons.net\/es\/wp-json\/wp\/v2\/pages\/15\/revisions"}],"predecessor-version":[{"id":37,"href":"https:\/\/ficsons.net\/es\/wp-json\/wp\/v2\/pages\/15\/revisions\/37"}],"wp:attachment":[{"href":"https:\/\/ficsons.net\/es\/wp-json\/wp\/v2\/media?parent=15"}],"curies":[{"name":"wp","href":"https:\/\/api.w.org\/{rel}","templated":true}]}}