{"id":132,"date":"2024-11-07T12:11:37","date_gmt":"2024-11-07T11:11:37","guid":{"rendered":"https:\/\/ficsons.net\/es\/?page_id=132"},"modified":"2024-11-07T12:15:01","modified_gmt":"2024-11-07T11:15:01","slug":"blog","status":"publish","type":"page","link":"https:\/\/ficsons.net\/es\/blog\/","title":{"rendered":"Blog"},"content":{"rendered":"\n<div class=\"wp-block-group alignfull is-style-section-1 has-custom-color-1-background-color has-background has-global-padding is-layout-constrained wp-block-group-is-layout-constrained is-style-section-1--1\">\n<div class=\"wp-block-query has-global-padding is-layout-constrained wp-block-query-is-layout-constrained\"><ul class=\"wp-block-post-template is-layout-flow wp-block-post-template-is-layout-flow\"><li class=\"wp-block-post post-66 post type-post status-publish format-standard has-post-thumbnail hentry category-tea3\">\n\n<article class=\"wp-block-group is-layout-flow wp-block-group-is-layout-flow\">\n<header class=\"wp-block-group entry-header has-global-padding is-layout-constrained wp-container-core-group-is-layout-334a2726 wp-block-group-is-layout-constrained\">\n<div class=\"wp-block-columns is-layout-flex wp-container-core-columns-is-layout-28f84493 wp-block-columns-is-layout-flex\">\n<div class=\"wp-block-column is-layout-flow wp-block-column-is-layout-flow\" style=\"flex-basis:33%\"><figure class=\"wp-block-post-featured-image\"><img loading=\"lazy\" decoding=\"async\" width=\"1024\" height=\"1024\" src=\"https:\/\/ficsons.net\/es\/wp-content\/uploads\/sites\/3\/2024\/10\/Entrega-premios-manos-a-escena-tea3-youtube.jpg\" class=\"attachment-post-thumbnail size-post-thumbnail wp-post-image\" alt=\"Captura de YouTube de la actuaci\u00f3n de TEA3 en la entrega de premios de \u00abManos a escena\u00bb de la ONCE 2024\" style=\"object-fit:cover;\" srcset=\"https:\/\/ficsons.net\/es\/wp-content\/uploads\/sites\/3\/2024\/10\/Entrega-premios-manos-a-escena-tea3-youtube.jpg 1024w, https:\/\/ficsons.net\/es\/wp-content\/uploads\/sites\/3\/2024\/10\/Entrega-premios-manos-a-escena-tea3-youtube-300x300.jpg 300w, https:\/\/ficsons.net\/es\/wp-content\/uploads\/sites\/3\/2024\/10\/Entrega-premios-manos-a-escena-tea3-youtube-150x150.jpg 150w, https:\/\/ficsons.net\/es\/wp-content\/uploads\/sites\/3\/2024\/10\/Entrega-premios-manos-a-escena-tea3-youtube-768x768.jpg 768w\" sizes=\"auto, (max-width: 1024px) 100vw, 1024px\" \/><\/figure><\/div>\n\n\n\n<div class=\"wp-block-column is-layout-flow wp-block-column-is-layout-flow\" style=\"flex-basis:66%\">\n<div class=\"wp-block-group has-global-padding is-layout-constrained wp-block-group-is-layout-constrained\"><h2 class=\"wp-block-post-title\"><a href=\"https:\/\/ficsons.net\/es\/tea3\/gala-del-vii-certamen-las-manos-a-escena-de-la-once\/\" target=\"_self\" >TEA3 en la Gala del VII Certamen \u00abLas manos a escena\u00bb de la ONCE<\/a><\/h2>\n\n\n<div class=\"wp-block-group has-small-font-size is-layout-flex wp-container-core-group-is-layout-7f98115a wp-block-group-is-layout-flex\"><div class=\"wp-block-post-date\"><time datetime=\"2024-10-29T12:20:58+01:00\">29\/10\/2024<\/time><\/div><\/div>\n<\/div>\n<\/div>\n<\/div>\n<\/header>\n\n\n<div class=\"wp-block-post-excerpt\"><p class=\"wp-block-post-excerpt__excerpt\">El pasado martes 22 de octubre tuvimos el placer de participar en la gala de entrega de premios del VII Certamen \u00abLas manos a escena\u00bb de teatro le\u00eddo de la ONCE, en el cual se concedi\u00f3 a nuestro grupo, Tea3, el primer premio por la obra Traici\u00f3n, de Harold Pinter.<\/p><p class=\"wp-block-post-excerpt__more-text\"><a class=\"wp-block-post-excerpt__more-link\" href=\"https:\/\/ficsons.net\/es\/tea3\/gala-del-vii-certamen-las-manos-a-escena-de-la-once\/\">Seguir leyendo<\/a><\/p><\/div><\/article>\n\n<\/li><li class=\"wp-block-post post-58 post type-post status-publish format-standard has-post-thumbnail hentry category-actucasa tag-madre-no-hay-mas-que-una\">\n\n<article class=\"wp-block-group is-layout-flow wp-block-group-is-layout-flow\">\n<header class=\"wp-block-group entry-header has-global-padding is-layout-constrained wp-container-core-group-is-layout-334a2726 wp-block-group-is-layout-constrained\">\n<div class=\"wp-block-columns is-layout-flex wp-container-core-columns-is-layout-28f84493 wp-block-columns-is-layout-flex\">\n<div class=\"wp-block-column is-layout-flow wp-block-column-is-layout-flow\" style=\"flex-basis:33%\"><figure class=\"wp-block-post-featured-image\"><img loading=\"lazy\" decoding=\"async\" width=\"1024\" height=\"1024\" src=\"https:\/\/ficsons.net\/es\/wp-content\/uploads\/sites\/3\/2024\/10\/mnhmqu.jpg\" class=\"attachment-post-thumbnail size-post-thumbnail wp-post-image\" alt=\"Portada de \u00abMadre no hay m\u00e1s que una\u00bb\" style=\"object-fit:cover;\" srcset=\"https:\/\/ficsons.net\/es\/wp-content\/uploads\/sites\/3\/2024\/10\/mnhmqu.jpg 1024w, https:\/\/ficsons.net\/es\/wp-content\/uploads\/sites\/3\/2024\/10\/mnhmqu-300x300.jpg 300w, https:\/\/ficsons.net\/es\/wp-content\/uploads\/sites\/3\/2024\/10\/mnhmqu-150x150.jpg 150w, https:\/\/ficsons.net\/es\/wp-content\/uploads\/sites\/3\/2024\/10\/mnhmqu-768x768.jpg 768w\" sizes=\"auto, (max-width: 1024px) 100vw, 1024px\" \/><\/figure><\/div>\n\n\n\n<div class=\"wp-block-column is-layout-flow wp-block-column-is-layout-flow\" style=\"flex-basis:66%\">\n<div class=\"wp-block-group has-global-padding is-layout-constrained wp-block-group-is-layout-constrained\"><h2 class=\"wp-block-post-title\"><a href=\"https:\/\/ficsons.net\/es\/actucasa\/madre-no-hay-mas-que-una\/\" target=\"_self\" >\u00abMadre no hay m\u00e1s que una\u00bb<\/a><\/h2>\n\n\n<div class=\"wp-block-group has-small-font-size is-layout-flex wp-container-core-group-is-layout-7f98115a wp-block-group-is-layout-flex\"><div class=\"wp-block-post-date\"><time datetime=\"2024-10-05T18:21:00+02:00\">05\/10\/2024<\/time><\/div><\/div>\n<\/div>\n<\/div>\n<\/div>\n<\/header>\n\n\n<div class=\"wp-block-post-excerpt\"><p class=\"wp-block-post-excerpt__excerpt\">Esta obra se escribi\u00f3 bastante antes de la pandemia, y la convertimos en plataforma de lanzamiento para una peculiar forma de vivir el teatro.<\/p><p class=\"wp-block-post-excerpt__more-text\"><a class=\"wp-block-post-excerpt__more-link\" href=\"https:\/\/ficsons.net\/es\/actucasa\/madre-no-hay-mas-que-una\/\">Seguir leyendo<\/a><\/p><\/div><\/article>\n\n<\/li><li class=\"wp-block-post post-47 post type-post status-publish format-standard has-post-thumbnail hentry category-ficciones-sonoras tag-blaus-a-lanima\">\n\n<article class=\"wp-block-group is-layout-flow wp-block-group-is-layout-flow\">\n<header class=\"wp-block-group entry-header has-global-padding is-layout-constrained wp-container-core-group-is-layout-334a2726 wp-block-group-is-layout-constrained\">\n<div class=\"wp-block-columns is-layout-flex wp-container-core-columns-is-layout-28f84493 wp-block-columns-is-layout-flex\">\n<div class=\"wp-block-column is-layout-flow wp-block-column-is-layout-flow\" style=\"flex-basis:33%\"><figure class=\"wp-block-post-featured-image\"><img loading=\"lazy\" decoding=\"async\" width=\"1024\" height=\"1024\" src=\"https:\/\/ficsons.net\/es\/wp-content\/uploads\/sites\/3\/2024\/08\/mixing.jpg\" class=\"attachment-post-thumbnail size-post-thumbnail wp-post-image\" alt=\"Caricatura de una persona trabajando ante un ordenador de un estudio de grabaci\u00f3n\" style=\"object-fit:cover;\" srcset=\"https:\/\/ficsons.net\/es\/wp-content\/uploads\/sites\/3\/2024\/08\/mixing.jpg 1024w, https:\/\/ficsons.net\/es\/wp-content\/uploads\/sites\/3\/2024\/08\/mixing-300x300.jpg 300w, https:\/\/ficsons.net\/es\/wp-content\/uploads\/sites\/3\/2024\/08\/mixing-150x150.jpg 150w, https:\/\/ficsons.net\/es\/wp-content\/uploads\/sites\/3\/2024\/08\/mixing-768x768.jpg 768w\" sizes=\"auto, (max-width: 1024px) 100vw, 1024px\" \/><\/figure><\/div>\n\n\n\n<div class=\"wp-block-column is-layout-flow wp-block-column-is-layout-flow\" style=\"flex-basis:66%\">\n<div class=\"wp-block-group has-global-padding is-layout-constrained wp-block-group-is-layout-constrained\"><h2 class=\"wp-block-post-title\"><a href=\"https:\/\/ficsons.net\/es\/ficciones-sonoras\/blaus-entra-en-postproduccion\/\" target=\"_self\" >\u00abBlaus\u00bb entra en postproducci\u00f3n<\/a><\/h2>\n\n\n<div class=\"wp-block-group has-small-font-size is-layout-flex wp-container-core-group-is-layout-7f98115a wp-block-group-is-layout-flex\"><div class=\"wp-block-post-date\"><time datetime=\"2024-08-03T10:16:00+02:00\">03\/08\/2024<\/time><\/div><\/div>\n<\/div>\n<\/div>\n<\/div>\n<\/header>\n\n\n<div class=\"wp-block-post-excerpt\"><p class=\"wp-block-post-excerpt__excerpt\">A falta de alg\u00fan fleco, ya hemos completado la fase de grabaciones.<\/p><p class=\"wp-block-post-excerpt__more-text\"><a class=\"wp-block-post-excerpt__more-link\" href=\"https:\/\/ficsons.net\/es\/ficciones-sonoras\/blaus-entra-en-postproduccion\/\">Seguir leyendo<\/a><\/p><\/div><\/article>\n\n<\/li><li class=\"wp-block-post post-44 post type-post status-publish format-standard has-post-thumbnail hentry category-ficciones-sonoras tag-blaus-a-lanima\">\n\n<article class=\"wp-block-group is-layout-flow wp-block-group-is-layout-flow\">\n<header class=\"wp-block-group entry-header has-global-padding is-layout-constrained wp-container-core-group-is-layout-334a2726 wp-block-group-is-layout-constrained\">\n<div class=\"wp-block-columns is-layout-flex wp-container-core-columns-is-layout-28f84493 wp-block-columns-is-layout-flex\">\n<div class=\"wp-block-column is-layout-flow wp-block-column-is-layout-flow\" style=\"flex-basis:33%\"><figure class=\"wp-block-post-featured-image\"><img loading=\"lazy\" decoding=\"async\" width=\"1024\" height=\"1024\" src=\"https:\/\/ficsons.net\/es\/wp-content\/uploads\/sites\/3\/2024\/05\/voice-recording.jpeg\" class=\"attachment-post-thumbnail size-post-thumbnail wp-post-image\" alt=\"Siluetas a contraluz de un hombre y una mujer ante sendos micr\u00f3fonos\" style=\"object-fit:cover;\" srcset=\"https:\/\/ficsons.net\/es\/wp-content\/uploads\/sites\/3\/2024\/05\/voice-recording.jpeg 1024w, https:\/\/ficsons.net\/es\/wp-content\/uploads\/sites\/3\/2024\/05\/voice-recording-300x300.jpeg 300w, https:\/\/ficsons.net\/es\/wp-content\/uploads\/sites\/3\/2024\/05\/voice-recording-150x150.jpeg 150w, https:\/\/ficsons.net\/es\/wp-content\/uploads\/sites\/3\/2024\/05\/voice-recording-768x768.jpeg 768w\" sizes=\"auto, (max-width: 1024px) 100vw, 1024px\" \/><\/figure><\/div>\n\n\n\n<div class=\"wp-block-column is-layout-flow wp-block-column-is-layout-flow\" style=\"flex-basis:66%\">\n<div class=\"wp-block-group has-global-padding is-layout-constrained wp-block-group-is-layout-constrained\"><h2 class=\"wp-block-post-title\"><a href=\"https:\/\/ficsons.net\/es\/ficciones-sonoras\/grabando-blaus\/\" target=\"_self\" >Grabando \u00abBlaus\u00bb<\/a><\/h2>\n\n\n<div class=\"wp-block-group has-small-font-size is-layout-flex wp-container-core-group-is-layout-7f98115a wp-block-group-is-layout-flex\"><div class=\"wp-block-post-date\"><time datetime=\"2024-05-26T13:02:00+02:00\">26\/05\/2024<\/time><\/div><\/div>\n<\/div>\n<\/div>\n<\/div>\n<\/header>\n\n\n<div class=\"wp-block-post-excerpt\"><p class=\"wp-block-post-excerpt__excerpt\">Por fin hemos iniciado la fase de grabaciones de \u00abBlaus a l&#8217;\u00e0nima\u00bb. Empezamos con las escenas de las vecinas chismosas, que ayudar\u00e1n al p\u00fablico a obtener una nueva visi\u00f3n de algunos hechos y personajes de la historia.<\/p><p class=\"wp-block-post-excerpt__more-text\"><a class=\"wp-block-post-excerpt__more-link\" href=\"https:\/\/ficsons.net\/es\/ficciones-sonoras\/grabando-blaus\/\">Seguir leyendo<\/a><\/p><\/div><\/article>\n\n<\/li><li class=\"wp-block-post post-41 post type-post status-publish format-standard has-post-thumbnail hentry category-ficciones-sonoras tag-blaus-a-lanima\">\n\n<article class=\"wp-block-group is-layout-flow wp-block-group-is-layout-flow\">\n<header class=\"wp-block-group entry-header has-global-padding is-layout-constrained wp-container-core-group-is-layout-334a2726 wp-block-group-is-layout-constrained\">\n<div class=\"wp-block-columns is-layout-flex wp-container-core-columns-is-layout-28f84493 wp-block-columns-is-layout-flex\">\n<div class=\"wp-block-column is-layout-flow wp-block-column-is-layout-flow\" style=\"flex-basis:33%\"><figure class=\"wp-block-post-featured-image\"><img loading=\"lazy\" decoding=\"async\" width=\"1024\" height=\"1024\" src=\"https:\/\/ficsons.net\/es\/wp-content\/uploads\/sites\/3\/2024\/01\/Assaig.jpg\" class=\"attachment-post-thumbnail size-post-thumbnail wp-post-image\" alt=\"Una persona con auriculares hablando delante de un micr\u00f3fono\" style=\"object-fit:cover;\" srcset=\"https:\/\/ficsons.net\/es\/wp-content\/uploads\/sites\/3\/2024\/01\/Assaig.jpg 1024w, https:\/\/ficsons.net\/es\/wp-content\/uploads\/sites\/3\/2024\/01\/Assaig-300x300.jpg 300w, https:\/\/ficsons.net\/es\/wp-content\/uploads\/sites\/3\/2024\/01\/Assaig-150x150.jpg 150w, https:\/\/ficsons.net\/es\/wp-content\/uploads\/sites\/3\/2024\/01\/Assaig-768x768.jpg 768w\" sizes=\"auto, (max-width: 1024px) 100vw, 1024px\" \/><\/figure><\/div>\n\n\n\n<div class=\"wp-block-column is-layout-flow wp-block-column-is-layout-flow\" style=\"flex-basis:66%\">\n<div class=\"wp-block-group has-global-padding is-layout-constrained wp-block-group-is-layout-constrained\"><h2 class=\"wp-block-post-title\"><a href=\"https:\/\/ficsons.net\/es\/ficciones-sonoras\/blaus-a-lanima-iniciamos-la-fase-de-ensayos\/\" target=\"_self\" >Blaus a l\u2019\u00e0nima: iniciamos la fase de ensayos<\/a><\/h2>\n\n\n<div class=\"wp-block-group has-small-font-size is-layout-flex wp-container-core-group-is-layout-7f98115a wp-block-group-is-layout-flex\"><div class=\"wp-block-post-date\"><time datetime=\"2024-01-06T12:57:00+01:00\">06\/01\/2024<\/time><\/div><\/div>\n<\/div>\n<\/div>\n<\/div>\n<\/header>\n\n\n<div class=\"wp-block-post-excerpt\"><p class=\"wp-block-post-excerpt__excerpt\">Una vez revisado el texto y adaptado para el nuevo proyecto, empezamos los ensayos virtuales a trav\u00e9s de Google Meet. Antes de las fiestas, ya tuvimos los primeros encuentros con las actrices y actores que van a representar a los personajes de esta ficci\u00f3n sonora.<\/p><p class=\"wp-block-post-excerpt__more-text\"><a class=\"wp-block-post-excerpt__more-link\" href=\"https:\/\/ficsons.net\/es\/ficciones-sonoras\/blaus-a-lanima-iniciamos-la-fase-de-ensayos\/\">Seguir leyendo<\/a><\/p><\/div><\/article>\n\n<\/li><li class=\"wp-block-post post-34 post type-post status-publish format-standard has-post-thumbnail hentry category-ficciones-sonoras tag-blaus-a-lanima\">\n\n<article class=\"wp-block-group is-layout-flow wp-block-group-is-layout-flow\">\n<header class=\"wp-block-group entry-header has-global-padding is-layout-constrained wp-container-core-group-is-layout-334a2726 wp-block-group-is-layout-constrained\">\n<div class=\"wp-block-columns is-layout-flex wp-container-core-columns-is-layout-28f84493 wp-block-columns-is-layout-flex\">\n<div class=\"wp-block-column is-layout-flow wp-block-column-is-layout-flow\" style=\"flex-basis:33%\"><figure class=\"wp-block-post-featured-image\"><img loading=\"lazy\" decoding=\"async\" width=\"1024\" height=\"1024\" src=\"https:\/\/ficsons.net\/es\/wp-content\/uploads\/sites\/3\/2023\/09\/Dissenya-4.jpg\" class=\"attachment-post-thumbnail size-post-thumbnail wp-post-image\" alt=\"Una se\u00f1ora de unos cincuenta a\u00f1os vestida con la bata de estar por casa mira por la ventana de un dormitorio.\" style=\"object-fit:cover;\" srcset=\"https:\/\/ficsons.net\/es\/wp-content\/uploads\/sites\/3\/2023\/09\/Dissenya-4.jpg 1024w, https:\/\/ficsons.net\/es\/wp-content\/uploads\/sites\/3\/2023\/09\/Dissenya-4-300x300.jpg 300w, https:\/\/ficsons.net\/es\/wp-content\/uploads\/sites\/3\/2023\/09\/Dissenya-4-150x150.jpg 150w, https:\/\/ficsons.net\/es\/wp-content\/uploads\/sites\/3\/2023\/09\/Dissenya-4-768x768.jpg 768w\" sizes=\"auto, (max-width: 1024px) 100vw, 1024px\" \/><\/figure><\/div>\n\n\n\n<div class=\"wp-block-column is-layout-flow wp-block-column-is-layout-flow\" style=\"flex-basis:66%\">\n<div class=\"wp-block-group has-global-padding is-layout-constrained wp-block-group-is-layout-constrained\"><h2 class=\"wp-block-post-title\"><a href=\"https:\/\/ficsons.net\/es\/ficciones-sonoras\/empezamos-con-blaus-a-lanima\/\" target=\"_self\" >Empezamos con \u00abBlaus a l&#8217;\u00e0nima\u00bb<\/a><\/h2>\n\n\n<div class=\"wp-block-group has-small-font-size is-layout-flex wp-container-core-group-is-layout-7f98115a wp-block-group-is-layout-flex\"><div class=\"wp-block-post-date\"><time datetime=\"2023-09-23T12:09:00+02:00\">23\/09\/2023<\/time><\/div><\/div>\n<\/div>\n<\/div>\n<\/div>\n<\/header>\n\n\n<div class=\"wp-block-post-excerpt\"><p class=\"wp-block-post-excerpt__excerpt\">FICSONS empieza a trabajar en su primera producci\u00f3n: \u00abBlaus a l&#8217;\u00e0nima\u00bb, una ficci\u00f3n sonora seriada en catal\u00e1n basada en un guion original de Marta Estrada y David Ciscar.<\/p><p class=\"wp-block-post-excerpt__more-text\"><a class=\"wp-block-post-excerpt__more-link\" href=\"https:\/\/ficsons.net\/es\/ficciones-sonoras\/empezamos-con-blaus-a-lanima\/\">Seguir leyendo<\/a><\/p><\/div><\/article>\n\n<\/li><\/ul>\n\n\n<div class=\"wp-block-group has-global-padding is-layout-constrained wp-block-group-is-layout-constrained\" style=\"margin-top:0\"><\/div>\n<\/div>\n<\/div>\n","protected":false},"excerpt":{"rendered":"","protected":false},"author":1,"featured_media":0,"parent":0,"menu_order":0,"comment_status":"closed","ping_status":"closed","template":"","meta":{"footnotes":""},"class_list":["post-132","page","type-page","status-publish","hentry"],"yoast_head":"<!-- This site is optimized with the Yoast SEO plugin v26.5 - https:\/\/yoast.com\/wordpress\/plugins\/seo\/ -->\n<title>Blog - FICSONS (es)<\/title>\n<meta name=\"robots\" content=\"index, follow, max-snippet:-1, max-image-preview:large, max-video-preview:-1\" \/>\n<link rel=\"canonical\" href=\"https:\/\/ficsons.net\/es\/blog\/\" \/>\n<meta property=\"og:locale\" content=\"es_ES\" \/>\n<meta property=\"og:type\" content=\"article\" \/>\n<meta property=\"og:title\" content=\"Blog - FICSONS (es)\" \/>\n<meta property=\"og:url\" content=\"https:\/\/ficsons.net\/es\/blog\/\" \/>\n<meta property=\"og:site_name\" content=\"FICSONS (es)\" \/>\n<meta property=\"article:modified_time\" content=\"2024-11-07T11:15:01+00:00\" \/>\n<meta name=\"twitter:card\" content=\"summary_large_image\" \/>\n<script type=\"application\/ld+json\" class=\"yoast-schema-graph\">{\"@context\":\"https:\/\/schema.org\",\"@graph\":[{\"@type\":\"WebPage\",\"@id\":\"https:\/\/ficsons.net\/es\/blog\/\",\"url\":\"https:\/\/ficsons.net\/es\/blog\/\",\"name\":\"Blog - FICSONS (es)\",\"isPartOf\":{\"@id\":\"https:\/\/ficsons.net\/es\/#website\"},\"datePublished\":\"2024-11-07T11:11:37+00:00\",\"dateModified\":\"2024-11-07T11:15:01+00:00\",\"breadcrumb\":{\"@id\":\"https:\/\/ficsons.net\/es\/blog\/#breadcrumb\"},\"inLanguage\":\"es\",\"potentialAction\":[{\"@type\":\"ReadAction\",\"target\":[\"https:\/\/ficsons.net\/es\/blog\/\"]}]},{\"@type\":\"BreadcrumbList\",\"@id\":\"https:\/\/ficsons.net\/es\/blog\/#breadcrumb\",\"itemListElement\":[{\"@type\":\"ListItem\",\"position\":1,\"name\":\"Portada\",\"item\":\"https:\/\/ficsons.net\/es\/\"},{\"@type\":\"ListItem\",\"position\":2,\"name\":\"Blog\"}]},{\"@type\":\"WebSite\",\"@id\":\"https:\/\/ficsons.net\/es\/#website\",\"url\":\"https:\/\/ficsons.net\/es\/\",\"name\":\"FICSONS (es)\",\"description\":\"Ficciones sonoras\",\"publisher\":{\"@id\":\"https:\/\/ficsons.net\/es\/#organization\"},\"potentialAction\":[{\"@type\":\"SearchAction\",\"target\":{\"@type\":\"EntryPoint\",\"urlTemplate\":\"https:\/\/ficsons.net\/es\/?s={search_term_string}\"},\"query-input\":{\"@type\":\"PropertyValueSpecification\",\"valueRequired\":true,\"valueName\":\"search_term_string\"}}],\"inLanguage\":\"es\"},{\"@type\":\"Organization\",\"@id\":\"https:\/\/ficsons.net\/es\/#organization\",\"name\":\"FICSONS (es)\",\"url\":\"https:\/\/ficsons.net\/es\/\",\"logo\":{\"@type\":\"ImageObject\",\"inLanguage\":\"es\",\"@id\":\"https:\/\/ficsons.net\/es\/#\/schema\/logo\/image\/\",\"url\":\"https:\/\/ficsons.net\/es\/wp-content\/uploads\/sites\/3\/2024\/10\/FICSONS-logo4.png\",\"contentUrl\":\"https:\/\/ficsons.net\/es\/wp-content\/uploads\/sites\/3\/2024\/10\/FICSONS-logo4.png\",\"width\":1000,\"height\":1000,\"caption\":\"FICSONS (es)\"},\"image\":{\"@id\":\"https:\/\/ficsons.net\/es\/#\/schema\/logo\/image\/\"}}]}<\/script>\n<!-- \/ Yoast SEO plugin. -->","yoast_head_json":{"title":"Blog - FICSONS (es)","robots":{"index":"index","follow":"follow","max-snippet":"max-snippet:-1","max-image-preview":"max-image-preview:large","max-video-preview":"max-video-preview:-1"},"canonical":"https:\/\/ficsons.net\/es\/blog\/","og_locale":"es_ES","og_type":"article","og_title":"Blog - FICSONS (es)","og_url":"https:\/\/ficsons.net\/es\/blog\/","og_site_name":"FICSONS (es)","article_modified_time":"2024-11-07T11:15:01+00:00","twitter_card":"summary_large_image","schema":{"@context":"https:\/\/schema.org","@graph":[{"@type":"WebPage","@id":"https:\/\/ficsons.net\/es\/blog\/","url":"https:\/\/ficsons.net\/es\/blog\/","name":"Blog - FICSONS (es)","isPartOf":{"@id":"https:\/\/ficsons.net\/es\/#website"},"datePublished":"2024-11-07T11:11:37+00:00","dateModified":"2024-11-07T11:15:01+00:00","breadcrumb":{"@id":"https:\/\/ficsons.net\/es\/blog\/#breadcrumb"},"inLanguage":"es","potentialAction":[{"@type":"ReadAction","target":["https:\/\/ficsons.net\/es\/blog\/"]}]},{"@type":"BreadcrumbList","@id":"https:\/\/ficsons.net\/es\/blog\/#breadcrumb","itemListElement":[{"@type":"ListItem","position":1,"name":"Portada","item":"https:\/\/ficsons.net\/es\/"},{"@type":"ListItem","position":2,"name":"Blog"}]},{"@type":"WebSite","@id":"https:\/\/ficsons.net\/es\/#website","url":"https:\/\/ficsons.net\/es\/","name":"FICSONS (es)","description":"Ficciones sonoras","publisher":{"@id":"https:\/\/ficsons.net\/es\/#organization"},"potentialAction":[{"@type":"SearchAction","target":{"@type":"EntryPoint","urlTemplate":"https:\/\/ficsons.net\/es\/?s={search_term_string}"},"query-input":{"@type":"PropertyValueSpecification","valueRequired":true,"valueName":"search_term_string"}}],"inLanguage":"es"},{"@type":"Organization","@id":"https:\/\/ficsons.net\/es\/#organization","name":"FICSONS (es)","url":"https:\/\/ficsons.net\/es\/","logo":{"@type":"ImageObject","inLanguage":"es","@id":"https:\/\/ficsons.net\/es\/#\/schema\/logo\/image\/","url":"https:\/\/ficsons.net\/es\/wp-content\/uploads\/sites\/3\/2024\/10\/FICSONS-logo4.png","contentUrl":"https:\/\/ficsons.net\/es\/wp-content\/uploads\/sites\/3\/2024\/10\/FICSONS-logo4.png","width":1000,"height":1000,"caption":"FICSONS (es)"},"image":{"@id":"https:\/\/ficsons.net\/es\/#\/schema\/logo\/image\/"}}]}},"_links":{"self":[{"href":"https:\/\/ficsons.net\/es\/wp-json\/wp\/v2\/pages\/132","targetHints":{"allow":["GET"]}}],"collection":[{"href":"https:\/\/ficsons.net\/es\/wp-json\/wp\/v2\/pages"}],"about":[{"href":"https:\/\/ficsons.net\/es\/wp-json\/wp\/v2\/types\/page"}],"author":[{"embeddable":true,"href":"https:\/\/ficsons.net\/es\/wp-json\/wp\/v2\/users\/1"}],"replies":[{"embeddable":true,"href":"https:\/\/ficsons.net\/es\/wp-json\/wp\/v2\/comments?post=132"}],"version-history":[{"count":2,"href":"https:\/\/ficsons.net\/es\/wp-json\/wp\/v2\/pages\/132\/revisions"}],"predecessor-version":[{"id":136,"href":"https:\/\/ficsons.net\/es\/wp-json\/wp\/v2\/pages\/132\/revisions\/136"}],"wp:attachment":[{"href":"https:\/\/ficsons.net\/es\/wp-json\/wp\/v2\/media?parent=132"}],"curies":[{"name":"wp","href":"https:\/\/api.w.org\/{rel}","templated":true}]}}