{"id":13,"date":"2024-10-23T09:30:03","date_gmt":"2024-10-23T07:30:03","guid":{"rendered":"https:\/\/ficsons.net\/es\/?page_id=13"},"modified":"2024-10-23T11:41:35","modified_gmt":"2024-10-23T09:41:35","slug":"ficciones-sonoras","status":"publish","type":"page","link":"https:\/\/ficsons.net\/es\/que-hacemos\/ficciones-sonoras\/","title":{"rendered":"Ficciones Sonoras"},"content":{"rendered":"\n<p>A ra\u00edz de nuestra experiencia con TEA3 en la grabaci\u00f3n de obras de teatro, decidimos producir un gui\u00f3n escrito hace cierto tiempo en forma de ficci\u00f3n sonora seriada, con la intenci\u00f3n de dar continuidad a esta actividad, en la que hemos incorporado a m\u00e1s actores que desean participar de este estimulante proyecto.<\/p>\n","protected":false},"excerpt":{"rendered":"<p>A ra\u00edz de nuestra experiencia con TEA3 en la grabaci\u00f3n de obras de teatro, decidimos producir un gui\u00f3n escrito hace cierto tiempo en forma de ficci\u00f3n sonora seriada, con la intenci\u00f3n de dar continuidad a esta actividad, en la que hemos incorporado a m\u00e1s actores que desean participar de este estimulante proyecto.<\/p>\n","protected":false},"author":1,"featured_media":0,"parent":5,"menu_order":30,"comment_status":"closed","ping_status":"closed","template":"","meta":{"footnotes":""},"class_list":["post-13","page","type-page","status-publish","hentry"],"yoast_head":"<!-- This site is optimized with the Yoast SEO plugin v26.5 - https:\/\/yoast.com\/wordpress\/plugins\/seo\/ -->\n<title>Ficciones Sonoras - FICSONS (es)<\/title>\n<meta name=\"robots\" content=\"index, follow, max-snippet:-1, max-image-preview:large, max-video-preview:-1\" \/>\n<link rel=\"canonical\" href=\"https:\/\/ficsons.net\/es\/que-hacemos\/ficciones-sonoras\/\" \/>\n<meta property=\"og:locale\" content=\"es_ES\" \/>\n<meta property=\"og:type\" content=\"article\" \/>\n<meta property=\"og:title\" content=\"Ficciones Sonoras - FICSONS (es)\" \/>\n<meta property=\"og:description\" content=\"A ra\u00edz de nuestra experiencia con TEA3 en la grabaci\u00f3n de obras de teatro, decidimos producir un gui\u00f3n escrito hace cierto tiempo en forma de ficci\u00f3n sonora seriada, con la intenci\u00f3n de dar continuidad a esta actividad, en la que hemos incorporado a m\u00e1s actores que desean participar de este estimulante proyecto.\" \/>\n<meta property=\"og:url\" content=\"https:\/\/ficsons.net\/es\/que-hacemos\/ficciones-sonoras\/\" \/>\n<meta property=\"og:site_name\" content=\"FICSONS (es)\" \/>\n<meta property=\"article:modified_time\" content=\"2024-10-23T09:41:35+00:00\" \/>\n<meta name=\"twitter:card\" content=\"summary_large_image\" \/>\n<meta name=\"twitter:label1\" content=\"Tiempo de lectura\" \/>\n\t<meta name=\"twitter:data1\" content=\"1 minuto\" \/>\n<script type=\"application\/ld+json\" class=\"yoast-schema-graph\">{\"@context\":\"https:\/\/schema.org\",\"@graph\":[{\"@type\":\"WebPage\",\"@id\":\"https:\/\/ficsons.net\/es\/que-hacemos\/ficciones-sonoras\/\",\"url\":\"https:\/\/ficsons.net\/es\/que-hacemos\/ficciones-sonoras\/\",\"name\":\"Ficciones Sonoras - FICSONS (es)\",\"isPartOf\":{\"@id\":\"https:\/\/ficsons.net\/es\/#website\"},\"datePublished\":\"2024-10-23T07:30:03+00:00\",\"dateModified\":\"2024-10-23T09:41:35+00:00\",\"breadcrumb\":{\"@id\":\"https:\/\/ficsons.net\/es\/que-hacemos\/ficciones-sonoras\/#breadcrumb\"},\"inLanguage\":\"es\",\"potentialAction\":[{\"@type\":\"ReadAction\",\"target\":[\"https:\/\/ficsons.net\/es\/que-hacemos\/ficciones-sonoras\/\"]}]},{\"@type\":\"BreadcrumbList\",\"@id\":\"https:\/\/ficsons.net\/es\/que-hacemos\/ficciones-sonoras\/#breadcrumb\",\"itemListElement\":[{\"@type\":\"ListItem\",\"position\":1,\"name\":\"Portada\",\"item\":\"https:\/\/ficsons.net\/es\/\"},{\"@type\":\"ListItem\",\"position\":2,\"name\":\"\u00bfQu\u00e9 hacemos?\",\"item\":\"https:\/\/ficsons.net\/es\/que-hacemos\/\"},{\"@type\":\"ListItem\",\"position\":3,\"name\":\"Ficciones Sonoras\"}]},{\"@type\":\"WebSite\",\"@id\":\"https:\/\/ficsons.net\/es\/#website\",\"url\":\"https:\/\/ficsons.net\/es\/\",\"name\":\"FICSONS (es)\",\"description\":\"Ficciones sonoras\",\"publisher\":{\"@id\":\"https:\/\/ficsons.net\/es\/#organization\"},\"potentialAction\":[{\"@type\":\"SearchAction\",\"target\":{\"@type\":\"EntryPoint\",\"urlTemplate\":\"https:\/\/ficsons.net\/es\/?s={search_term_string}\"},\"query-input\":{\"@type\":\"PropertyValueSpecification\",\"valueRequired\":true,\"valueName\":\"search_term_string\"}}],\"inLanguage\":\"es\"},{\"@type\":\"Organization\",\"@id\":\"https:\/\/ficsons.net\/es\/#organization\",\"name\":\"FICSONS (es)\",\"url\":\"https:\/\/ficsons.net\/es\/\",\"logo\":{\"@type\":\"ImageObject\",\"inLanguage\":\"es\",\"@id\":\"https:\/\/ficsons.net\/es\/#\/schema\/logo\/image\/\",\"url\":\"https:\/\/ficsons.net\/es\/wp-content\/uploads\/sites\/3\/2024\/10\/FICSONS-logo4.png\",\"contentUrl\":\"https:\/\/ficsons.net\/es\/wp-content\/uploads\/sites\/3\/2024\/10\/FICSONS-logo4.png\",\"width\":1000,\"height\":1000,\"caption\":\"FICSONS (es)\"},\"image\":{\"@id\":\"https:\/\/ficsons.net\/es\/#\/schema\/logo\/image\/\"}}]}<\/script>\n<!-- \/ Yoast SEO plugin. -->","yoast_head_json":{"title":"Ficciones Sonoras - FICSONS (es)","robots":{"index":"index","follow":"follow","max-snippet":"max-snippet:-1","max-image-preview":"max-image-preview:large","max-video-preview":"max-video-preview:-1"},"canonical":"https:\/\/ficsons.net\/es\/que-hacemos\/ficciones-sonoras\/","og_locale":"es_ES","og_type":"article","og_title":"Ficciones Sonoras - FICSONS (es)","og_description":"A ra\u00edz de nuestra experiencia con TEA3 en la grabaci\u00f3n de obras de teatro, decidimos producir un gui\u00f3n escrito hace cierto tiempo en forma de ficci\u00f3n sonora seriada, con la intenci\u00f3n de dar continuidad a esta actividad, en la que hemos incorporado a m\u00e1s actores que desean participar de este estimulante proyecto.","og_url":"https:\/\/ficsons.net\/es\/que-hacemos\/ficciones-sonoras\/","og_site_name":"FICSONS (es)","article_modified_time":"2024-10-23T09:41:35+00:00","twitter_card":"summary_large_image","twitter_misc":{"Tiempo de lectura":"1 minuto"},"schema":{"@context":"https:\/\/schema.org","@graph":[{"@type":"WebPage","@id":"https:\/\/ficsons.net\/es\/que-hacemos\/ficciones-sonoras\/","url":"https:\/\/ficsons.net\/es\/que-hacemos\/ficciones-sonoras\/","name":"Ficciones Sonoras - FICSONS (es)","isPartOf":{"@id":"https:\/\/ficsons.net\/es\/#website"},"datePublished":"2024-10-23T07:30:03+00:00","dateModified":"2024-10-23T09:41:35+00:00","breadcrumb":{"@id":"https:\/\/ficsons.net\/es\/que-hacemos\/ficciones-sonoras\/#breadcrumb"},"inLanguage":"es","potentialAction":[{"@type":"ReadAction","target":["https:\/\/ficsons.net\/es\/que-hacemos\/ficciones-sonoras\/"]}]},{"@type":"BreadcrumbList","@id":"https:\/\/ficsons.net\/es\/que-hacemos\/ficciones-sonoras\/#breadcrumb","itemListElement":[{"@type":"ListItem","position":1,"name":"Portada","item":"https:\/\/ficsons.net\/es\/"},{"@type":"ListItem","position":2,"name":"\u00bfQu\u00e9 hacemos?","item":"https:\/\/ficsons.net\/es\/que-hacemos\/"},{"@type":"ListItem","position":3,"name":"Ficciones Sonoras"}]},{"@type":"WebSite","@id":"https:\/\/ficsons.net\/es\/#website","url":"https:\/\/ficsons.net\/es\/","name":"FICSONS (es)","description":"Ficciones sonoras","publisher":{"@id":"https:\/\/ficsons.net\/es\/#organization"},"potentialAction":[{"@type":"SearchAction","target":{"@type":"EntryPoint","urlTemplate":"https:\/\/ficsons.net\/es\/?s={search_term_string}"},"query-input":{"@type":"PropertyValueSpecification","valueRequired":true,"valueName":"search_term_string"}}],"inLanguage":"es"},{"@type":"Organization","@id":"https:\/\/ficsons.net\/es\/#organization","name":"FICSONS (es)","url":"https:\/\/ficsons.net\/es\/","logo":{"@type":"ImageObject","inLanguage":"es","@id":"https:\/\/ficsons.net\/es\/#\/schema\/logo\/image\/","url":"https:\/\/ficsons.net\/es\/wp-content\/uploads\/sites\/3\/2024\/10\/FICSONS-logo4.png","contentUrl":"https:\/\/ficsons.net\/es\/wp-content\/uploads\/sites\/3\/2024\/10\/FICSONS-logo4.png","width":1000,"height":1000,"caption":"FICSONS (es)"},"image":{"@id":"https:\/\/ficsons.net\/es\/#\/schema\/logo\/image\/"}}]}},"_links":{"self":[{"href":"https:\/\/ficsons.net\/es\/wp-json\/wp\/v2\/pages\/13","targetHints":{"allow":["GET"]}}],"collection":[{"href":"https:\/\/ficsons.net\/es\/wp-json\/wp\/v2\/pages"}],"about":[{"href":"https:\/\/ficsons.net\/es\/wp-json\/wp\/v2\/types\/page"}],"author":[{"embeddable":true,"href":"https:\/\/ficsons.net\/es\/wp-json\/wp\/v2\/users\/1"}],"replies":[{"embeddable":true,"href":"https:\/\/ficsons.net\/es\/wp-json\/wp\/v2\/comments?post=13"}],"version-history":[{"count":1,"href":"https:\/\/ficsons.net\/es\/wp-json\/wp\/v2\/pages\/13\/revisions"}],"predecessor-version":[{"id":14,"href":"https:\/\/ficsons.net\/es\/wp-json\/wp\/v2\/pages\/13\/revisions\/14"}],"up":[{"embeddable":true,"href":"https:\/\/ficsons.net\/es\/wp-json\/wp\/v2\/pages\/5"}],"wp:attachment":[{"href":"https:\/\/ficsons.net\/es\/wp-json\/wp\/v2\/media?parent=13"}],"curies":[{"name":"wp","href":"https:\/\/api.w.org\/{rel}","templated":true}]}}