{"id":11,"date":"2024-10-23T09:26:09","date_gmt":"2024-10-23T07:26:09","guid":{"rendered":"https:\/\/ficsons.net\/es\/?page_id=11"},"modified":"2024-10-23T12:23:38","modified_gmt":"2024-10-23T10:23:38","slug":"tea3","status":"publish","type":"page","link":"https:\/\/ficsons.net\/es\/que-hacemos\/tea3\/","title":{"rendered":"TEA3"},"content":{"rendered":"\n<p>Tea3 nace en 2022 con la voluntad de trasladar al lenguaje radiof\u00f3nico obras de teatro de pocos personajes y mucho alcance, desmarc\u00e1ndonos del cl\u00e1sico \u201cteatro le\u00eddo\u201d para llevarlo m\u00e1s all\u00e1, dot\u00e1ndolo de sus propios ambientes sonoros y m\u00fasica adhoc, siempre desde una perspectiva&nbsp;amateur.<\/p>\n\n\n\n<p>A trav\u00e9s del siguiente enlace puedes acceder al <a href=\"https:\/\/ficsons.net\/tea3podcast\/\">podcast de las obras de teatro de TEA3<\/a>.<\/p>\n","protected":false},"excerpt":{"rendered":"<p>Tea3 nace en 2022 con la voluntad de trasladar al lenguaje radiof\u00f3nico obras de teatro de pocos personajes y mucho alcance, desmarc\u00e1ndonos del cl\u00e1sico \u201cteatro le\u00eddo\u201d para llevarlo m\u00e1s all\u00e1, dot\u00e1ndolo de sus propios ambientes sonoros y m\u00fasica adhoc, siempre desde una perspectiva&nbsp;amateur. A trav\u00e9s del siguiente enlace puedes acceder al podcast de las obras [&hellip;]<\/p>\n","protected":false},"author":1,"featured_media":0,"parent":5,"menu_order":20,"comment_status":"closed","ping_status":"closed","template":"","meta":{"footnotes":""},"class_list":["post-11","page","type-page","status-publish","hentry"],"yoast_head":"<!-- This site is optimized with the Yoast SEO plugin v26.5 - https:\/\/yoast.com\/wordpress\/plugins\/seo\/ -->\n<title>TEA3 - FICSONS (es)<\/title>\n<meta name=\"robots\" content=\"index, follow, max-snippet:-1, max-image-preview:large, max-video-preview:-1\" \/>\n<link rel=\"canonical\" href=\"https:\/\/ficsons.net\/es\/que-hacemos\/tea3\/\" \/>\n<meta property=\"og:locale\" content=\"es_ES\" \/>\n<meta property=\"og:type\" content=\"article\" \/>\n<meta property=\"og:title\" content=\"TEA3 - FICSONS (es)\" \/>\n<meta property=\"og:description\" content=\"Tea3 nace en 2022 con la voluntad de trasladar al lenguaje radiof\u00f3nico obras de teatro de pocos personajes y mucho alcance, desmarc\u00e1ndonos del cl\u00e1sico \u201cteatro le\u00eddo\u201d para llevarlo m\u00e1s all\u00e1, dot\u00e1ndolo de sus propios ambientes sonoros y m\u00fasica adhoc, siempre desde una perspectiva&nbsp;amateur. A trav\u00e9s del siguiente enlace puedes acceder al podcast de las obras [&hellip;]\" \/>\n<meta property=\"og:url\" content=\"https:\/\/ficsons.net\/es\/que-hacemos\/tea3\/\" \/>\n<meta property=\"og:site_name\" content=\"FICSONS (es)\" \/>\n<meta property=\"article:modified_time\" content=\"2024-10-23T10:23:38+00:00\" \/>\n<meta name=\"twitter:card\" content=\"summary_large_image\" \/>\n<meta name=\"twitter:label1\" content=\"Tiempo de lectura\" \/>\n\t<meta name=\"twitter:data1\" content=\"1 minuto\" \/>\n<script type=\"application\/ld+json\" class=\"yoast-schema-graph\">{\"@context\":\"https:\/\/schema.org\",\"@graph\":[{\"@type\":\"WebPage\",\"@id\":\"https:\/\/ficsons.net\/es\/que-hacemos\/tea3\/\",\"url\":\"https:\/\/ficsons.net\/es\/que-hacemos\/tea3\/\",\"name\":\"TEA3 - FICSONS (es)\",\"isPartOf\":{\"@id\":\"https:\/\/ficsons.net\/es\/#website\"},\"datePublished\":\"2024-10-23T07:26:09+00:00\",\"dateModified\":\"2024-10-23T10:23:38+00:00\",\"breadcrumb\":{\"@id\":\"https:\/\/ficsons.net\/es\/que-hacemos\/tea3\/#breadcrumb\"},\"inLanguage\":\"es\",\"potentialAction\":[{\"@type\":\"ReadAction\",\"target\":[\"https:\/\/ficsons.net\/es\/que-hacemos\/tea3\/\"]}]},{\"@type\":\"BreadcrumbList\",\"@id\":\"https:\/\/ficsons.net\/es\/que-hacemos\/tea3\/#breadcrumb\",\"itemListElement\":[{\"@type\":\"ListItem\",\"position\":1,\"name\":\"Portada\",\"item\":\"https:\/\/ficsons.net\/es\/\"},{\"@type\":\"ListItem\",\"position\":2,\"name\":\"\u00bfQu\u00e9 hacemos?\",\"item\":\"https:\/\/ficsons.net\/es\/que-hacemos\/\"},{\"@type\":\"ListItem\",\"position\":3,\"name\":\"TEA3\"}]},{\"@type\":\"WebSite\",\"@id\":\"https:\/\/ficsons.net\/es\/#website\",\"url\":\"https:\/\/ficsons.net\/es\/\",\"name\":\"FICSONS (es)\",\"description\":\"Ficciones sonoras\",\"publisher\":{\"@id\":\"https:\/\/ficsons.net\/es\/#organization\"},\"potentialAction\":[{\"@type\":\"SearchAction\",\"target\":{\"@type\":\"EntryPoint\",\"urlTemplate\":\"https:\/\/ficsons.net\/es\/?s={search_term_string}\"},\"query-input\":{\"@type\":\"PropertyValueSpecification\",\"valueRequired\":true,\"valueName\":\"search_term_string\"}}],\"inLanguage\":\"es\"},{\"@type\":\"Organization\",\"@id\":\"https:\/\/ficsons.net\/es\/#organization\",\"name\":\"FICSONS (es)\",\"url\":\"https:\/\/ficsons.net\/es\/\",\"logo\":{\"@type\":\"ImageObject\",\"inLanguage\":\"es\",\"@id\":\"https:\/\/ficsons.net\/es\/#\/schema\/logo\/image\/\",\"url\":\"https:\/\/ficsons.net\/es\/wp-content\/uploads\/sites\/3\/2024\/10\/FICSONS-logo4.png\",\"contentUrl\":\"https:\/\/ficsons.net\/es\/wp-content\/uploads\/sites\/3\/2024\/10\/FICSONS-logo4.png\",\"width\":1000,\"height\":1000,\"caption\":\"FICSONS (es)\"},\"image\":{\"@id\":\"https:\/\/ficsons.net\/es\/#\/schema\/logo\/image\/\"}}]}<\/script>\n<!-- \/ Yoast SEO plugin. -->","yoast_head_json":{"title":"TEA3 - FICSONS (es)","robots":{"index":"index","follow":"follow","max-snippet":"max-snippet:-1","max-image-preview":"max-image-preview:large","max-video-preview":"max-video-preview:-1"},"canonical":"https:\/\/ficsons.net\/es\/que-hacemos\/tea3\/","og_locale":"es_ES","og_type":"article","og_title":"TEA3 - FICSONS (es)","og_description":"Tea3 nace en 2022 con la voluntad de trasladar al lenguaje radiof\u00f3nico obras de teatro de pocos personajes y mucho alcance, desmarc\u00e1ndonos del cl\u00e1sico \u201cteatro le\u00eddo\u201d para llevarlo m\u00e1s all\u00e1, dot\u00e1ndolo de sus propios ambientes sonoros y m\u00fasica adhoc, siempre desde una perspectiva&nbsp;amateur. A trav\u00e9s del siguiente enlace puedes acceder al podcast de las obras [&hellip;]","og_url":"https:\/\/ficsons.net\/es\/que-hacemos\/tea3\/","og_site_name":"FICSONS (es)","article_modified_time":"2024-10-23T10:23:38+00:00","twitter_card":"summary_large_image","twitter_misc":{"Tiempo de lectura":"1 minuto"},"schema":{"@context":"https:\/\/schema.org","@graph":[{"@type":"WebPage","@id":"https:\/\/ficsons.net\/es\/que-hacemos\/tea3\/","url":"https:\/\/ficsons.net\/es\/que-hacemos\/tea3\/","name":"TEA3 - FICSONS (es)","isPartOf":{"@id":"https:\/\/ficsons.net\/es\/#website"},"datePublished":"2024-10-23T07:26:09+00:00","dateModified":"2024-10-23T10:23:38+00:00","breadcrumb":{"@id":"https:\/\/ficsons.net\/es\/que-hacemos\/tea3\/#breadcrumb"},"inLanguage":"es","potentialAction":[{"@type":"ReadAction","target":["https:\/\/ficsons.net\/es\/que-hacemos\/tea3\/"]}]},{"@type":"BreadcrumbList","@id":"https:\/\/ficsons.net\/es\/que-hacemos\/tea3\/#breadcrumb","itemListElement":[{"@type":"ListItem","position":1,"name":"Portada","item":"https:\/\/ficsons.net\/es\/"},{"@type":"ListItem","position":2,"name":"\u00bfQu\u00e9 hacemos?","item":"https:\/\/ficsons.net\/es\/que-hacemos\/"},{"@type":"ListItem","position":3,"name":"TEA3"}]},{"@type":"WebSite","@id":"https:\/\/ficsons.net\/es\/#website","url":"https:\/\/ficsons.net\/es\/","name":"FICSONS (es)","description":"Ficciones sonoras","publisher":{"@id":"https:\/\/ficsons.net\/es\/#organization"},"potentialAction":[{"@type":"SearchAction","target":{"@type":"EntryPoint","urlTemplate":"https:\/\/ficsons.net\/es\/?s={search_term_string}"},"query-input":{"@type":"PropertyValueSpecification","valueRequired":true,"valueName":"search_term_string"}}],"inLanguage":"es"},{"@type":"Organization","@id":"https:\/\/ficsons.net\/es\/#organization","name":"FICSONS (es)","url":"https:\/\/ficsons.net\/es\/","logo":{"@type":"ImageObject","inLanguage":"es","@id":"https:\/\/ficsons.net\/es\/#\/schema\/logo\/image\/","url":"https:\/\/ficsons.net\/es\/wp-content\/uploads\/sites\/3\/2024\/10\/FICSONS-logo4.png","contentUrl":"https:\/\/ficsons.net\/es\/wp-content\/uploads\/sites\/3\/2024\/10\/FICSONS-logo4.png","width":1000,"height":1000,"caption":"FICSONS (es)"},"image":{"@id":"https:\/\/ficsons.net\/es\/#\/schema\/logo\/image\/"}}]}},"_links":{"self":[{"href":"https:\/\/ficsons.net\/es\/wp-json\/wp\/v2\/pages\/11","targetHints":{"allow":["GET"]}}],"collection":[{"href":"https:\/\/ficsons.net\/es\/wp-json\/wp\/v2\/pages"}],"about":[{"href":"https:\/\/ficsons.net\/es\/wp-json\/wp\/v2\/types\/page"}],"author":[{"embeddable":true,"href":"https:\/\/ficsons.net\/es\/wp-json\/wp\/v2\/users\/1"}],"replies":[{"embeddable":true,"href":"https:\/\/ficsons.net\/es\/wp-json\/wp\/v2\/comments?post=11"}],"version-history":[{"count":3,"href":"https:\/\/ficsons.net\/es\/wp-json\/wp\/v2\/pages\/11\/revisions"}],"predecessor-version":[{"id":40,"href":"https:\/\/ficsons.net\/es\/wp-json\/wp\/v2\/pages\/11\/revisions\/40"}],"up":[{"embeddable":true,"href":"https:\/\/ficsons.net\/es\/wp-json\/wp\/v2\/pages\/5"}],"wp:attachment":[{"href":"https:\/\/ficsons.net\/es\/wp-json\/wp\/v2\/media?parent=11"}],"curies":[{"name":"wp","href":"https:\/\/api.w.org\/{rel}","templated":true}]}}